{"id":533,"date":"2023-03-03T13:57:27","date_gmt":"2023-03-03T12:57:27","guid":{"rendered":"https:\/\/www.the-arch.eu\/?page_id=533"},"modified":"2023-06-29T17:40:25","modified_gmt":"2023-06-29T15:40:25","slug":"press-room","status":"publish","type":"page","link":"https:\/\/www.the-arch.eu\/en\/press-room\/","title":{"rendered":"Press room"},"content":{"rendered":"\n<figure class=\"wp-block-image size-full\"><img loading=\"lazy\" decoding=\"async\" width=\"1500\" height=\"621\" src=\"https:\/\/www.the-arch.eu\/thearch2023\/fichiers\/uploads\/2023\/03\/page_presse-1.jpg\" alt=\"Conf\u00e9rence de presse The Arch\" class=\"wp-image-376\" srcset=\"https:\/\/www.the-arch.eu\/thearch2023\/fichiers\/uploads\/2023\/03\/page_presse-1.jpg 1500w, https:\/\/www.the-arch.eu\/thearch2023\/fichiers\/uploads\/2023\/03\/page_presse-1-300x124.jpg 300w, https:\/\/www.the-arch.eu\/thearch2023\/fichiers\/uploads\/2023\/03\/page_presse-1-1024x424.jpg 1024w, https:\/\/www.the-arch.eu\/thearch2023\/fichiers\/uploads\/2023\/03\/page_presse-1-768x318.jpg 768w, https:\/\/www.the-arch.eu\/thearch2023\/fichiers\/uploads\/2023\/03\/page_presse-1-1200x497.jpg 1200w, https:\/\/www.the-arch.eu\/thearch2023\/fichiers\/uploads\/2023\/03\/page_presse-1-5x2.jpg 5w\" sizes=\"auto, (max-width: 1500px) 100vw, 1500px\" \/><\/figure>\n\n\n\n<h2 class=\"wp-block-heading\" class=\"wp-block-heading\" id=\"press-release\">Press release<\/h2>\n\n\n\n<p><strong>French<\/strong><\/p>\n\n\n\n<div class=\"wp-block-file\"><a id=\"wp-block-file--media-ea2bd2a8-169c-421b-aa66-f6111f935192\" href=\"https:\/\/www.the-arch.eu\/thearch2023\/fichiers\/uploads\/2023\/06\/CP-The-Arch-a-Bruxelles-Le-temps-de-lengagement-europeen.pdf\">06\/06\/2023 &#8211; The Arch \u00e0 Bruxelles, le temps de l&#8217;engagement europ\u00e9en<\/a><a href=\"https:\/\/www.the-arch.eu\/thearch2023\/fichiers\/uploads\/2023\/06\/CP-The-Arch-a-Bruxelles-Le-temps-de-lengagement-europeen.pdf\" class=\"wp-block-file__button wp-element-button\" download aria-describedby=\"wp-block-file--media-ea2bd2a8-169c-421b-aa66-f6111f935192\">T\u00e9l\u00e9charger<\/a><\/div>\n\n\n\n<div class=\"wp-block-file\"><a id=\"wp-block-file--media-ea2bd2a8-169c-421b-aa66-f6111f935192\" href=\"https:\/\/www.the-arch.eu\/thearch2023\/fichiers\/uploads\/2023\/06\/THEARCH_CP_2023_STNAZAIRE.pdf\">01\/06\/2023 &#8211; Du 1er au 3 juin, The Arch en escale \u00e0 Saint-Nazaire<\/a><a href=\"https:\/\/www.the-arch.eu\/thearch2023\/fichiers\/uploads\/2023\/06\/THEARCH_CP_2023_STNAZAIRE.pdf\" class=\"wp-block-file__button wp-element-button\" download aria-describedby=\"wp-block-file--media-ea2bd2a8-169c-421b-aa66-f6111f935192\">T\u00e9l\u00e9charger<\/a><\/div>\n\n\n\n<div class=\"wp-block-file\"><a id=\"wp-block-file--media-ea2bd2a8-169c-421b-aa66-f6111f935192\" href=\"https:\/\/www.the-arch.eu\/thearch2023\/fichiers\/uploads\/2023\/05\/THEARCH_DP_2023_BILAN-ATHENES-FR.pdf\">09\/05\/23 &#8211; The Arch \u00e0 Ath\u00e8nes pour la Journ\u00e9e de l&#8217;Europe : bilan de mi-\u00e9tape<\/a><a href=\"https:\/\/www.the-arch.eu\/thearch2023\/fichiers\/uploads\/2023\/05\/THEARCH_DP_2023_BILAN-ATHENES-FR.pdf\" class=\"wp-block-file__button wp-element-button\" download aria-describedby=\"wp-block-file--media-ea2bd2a8-169c-421b-aa66-f6111f935192\">T\u00e9l\u00e9charger<\/a><\/div>\n\n\n\n<div class=\"wp-block-file\"><a id=\"wp-block-file--media-ea2bd2a8-169c-421b-aa66-f6111f935192\" href=\"https:\/\/www.the-arch.eu\/thearch2023\/fichiers\/uploads\/2023\/04\/270423-The-Arch-a-Ajaccio-pour-sa-cinquieme-escale.pdf\">27\/04\/23 &#8211; The Arch \u00e0 Ajaccio pour sa cinqui\u00e8me escale<\/a><a href=\"https:\/\/www.the-arch.eu\/thearch2023\/fichiers\/uploads\/2023\/04\/270423-The-Arch-a-Ajaccio-pour-sa-cinquieme-escale.pdf\" class=\"wp-block-file__button wp-element-button\" download aria-describedby=\"wp-block-file--media-ea2bd2a8-169c-421b-aa66-f6111f935192\">T\u00e9l\u00e9charger<\/a><\/div>\n\n\n\n<div class=\"wp-block-file\"><a id=\"wp-block-file--media-ea2bd2a8-169c-421b-aa66-f6111f935192\" href=\"https:\/\/www.the-arch.eu\/thearch2023\/fichiers\/uploads\/2023\/04\/180423-The-Arch-a-Marseille-pour-sa-quatrieme-escale.pdf\">18\/04\/23 &#8211; The Arch \u00e0 Marseille pour sa quatri\u00e8me escale<\/a><a href=\"https:\/\/www.the-arch.eu\/thearch2023\/fichiers\/uploads\/2023\/04\/180423-The-Arch-a-Marseille-pour-sa-quatrieme-escale.pdf\" class=\"wp-block-file__button wp-element-button\" download aria-describedby=\"wp-block-file--media-ea2bd2a8-169c-421b-aa66-f6111f935192\">T\u00e9l\u00e9charger<\/a><\/div>\n\n\n\n<div class=\"wp-block-file\"><a id=\"wp-block-file--media-ea2bd2a8-169c-421b-aa66-f6111f935192\" href=\"https:\/\/www.the-arch.eu\/thearch2023\/fichiers\/uploads\/2023\/04\/120423-The-Arch-a-Malaga-pour-sa-troisieme-escale.pdf\">12\/04\/23 &#8211; The Arch \u00e0 Malaga pour sa troisi\u00e8me escale<\/a><a href=\"https:\/\/www.the-arch.eu\/thearch2023\/fichiers\/uploads\/2023\/04\/120423-The-Arch-a-Malaga-pour-sa-troisieme-escale.pdf\" class=\"wp-block-file__button wp-element-button\" download aria-describedby=\"wp-block-file--media-ea2bd2a8-169c-421b-aa66-f6111f935192\">T\u00e9l\u00e9charger<\/a><\/div>\n\n\n\n<div class=\"wp-block-file\"><a id=\"wp-block-file--media-e3642a81-68ad-4307-9db4-95bc0cc39ef5\" href=\"https:\/\/www.the-arch.eu\/thearch2023\/fichiers\/uploads\/2023\/04\/060423-The-Arch-a-Concarneau-pour-sa-seconde-escale.pdf\">06\/04\/23 &#8211; The Arch \u00e0 Concarneau pour sa seconde escale<\/a><a href=\"https:\/\/www.the-arch.eu\/thearch2023\/fichiers\/uploads\/2023\/04\/060423-The-Arch-a-Concarneau-pour-sa-seconde-escale.pdf\" class=\"wp-block-file__button wp-element-button\" download aria-describedby=\"wp-block-file--media-e3642a81-68ad-4307-9db4-95bc0cc39ef5\">T\u00e9l\u00e9charger<\/a><\/div>\n\n\n\n<div class=\"wp-block-file\"><a id=\"wp-block-file--media-9c41a8b1-dd93-4c64-8d7c-1950788a6bef\" href=\"https:\/\/www.the-arch.eu\/thearch2023\/fichiers\/uploads\/2023\/03\/270323-\u2013-The-Arch-a-Copenhague-pour-sa-premiere-escale.pdf\" target=\"_blank\" rel=\"noreferrer noopener\">27\/03\/23 \u2013 The Arch \u00e0 Copenhague pour sa premi\u00e8re escale<\/a><a href=\"https:\/\/www.the-arch.eu\/thearch2023\/fichiers\/uploads\/2023\/03\/270323-\u2013-The-Arch-a-Copenhague-pour-sa-premiere-escale.pdf\" class=\"wp-block-file__button wp-element-button\" download aria-describedby=\"wp-block-file--media-9c41a8b1-dd93-4c64-8d7c-1950788a6bef\">T\u00e9l\u00e9charger<\/a><\/div>\n\n\n\n<div class=\"wp-block-file\"><a id=\"wp-block-file--media-8e369994-697b-4053-8401-b3524895a506\" href=\"https:\/\/www.the-arch.eu\/thearch2023\/fichiers\/uploads\/2023\/03\/2023-03-16_CP-THE-ARCH-LARGUE-LES-AMARRES.pdf\" target=\"_blank\" rel=\"noreferrer noopener\">17\/03\/23 \u2013 The Arch largue les amarres \u00e0 Nantes !<\/a><a href=\"https:\/\/www.the-arch.eu\/thearch2023\/fichiers\/uploads\/2023\/03\/2023-03-16_CP-THE-ARCH-LARGUE-LES-AMARRES.pdf\" class=\"wp-block-file__button wp-element-button\" download aria-describedby=\"wp-block-file--media-8e369994-697b-4053-8401-b3524895a506\">T\u00e9l\u00e9charger<\/a><\/div>\n\n\n\n<p><strong>English<\/strong><\/p>\n\n\n\n<div class=\"wp-block-file\"><a id=\"wp-block-file--media-229c243e-0db1-4f4f-94b7-8d8e3bf4da7a\" href=\"https:\/\/www.the-arch.eu\/thearch2023\/fichiers\/uploads\/2023\/05\/THEARCH_DP_2023_BILAN-ATHENES-ENG.pdf\" target=\"_blank\" rel=\"noreferrer noopener\">09\/05\/23 &#8211; The Arch in Athens for Europe Day: mid-stage review<\/a><a href=\"https:\/\/www.the-arch.eu\/thearch2023\/fichiers\/uploads\/2023\/05\/THEARCH_DP_2023_BILAN-ATHENES-ENG.pdf\" class=\"wp-block-file__button wp-element-button\" download aria-describedby=\"wp-block-file--media-229c243e-0db1-4f4f-94b7-8d8e3bf4da7a\">T\u00e9l\u00e9charger<\/a><\/div>\n\n\n\n<div class=\"wp-block-file\"><a id=\"wp-block-file--media-229c243e-0db1-4f4f-94b7-8d8e3bf4da7a\" href=\"https:\/\/www.the-arch.eu\/thearch2023\/fichiers\/uploads\/2023\/03\/270323-\u2013-The-Arch-in-Copenhagen-for-its-first-stop.pdf\" target=\"_blank\" rel=\"noreferrer noopener\">27\/03\/23 \u2013 The Arch in Copenhagen for its first stop<\/a><a href=\"https:\/\/www.the-arch.eu\/thearch2023\/fichiers\/uploads\/2023\/03\/270323-\u2013-The-Arch-in-Copenhagen-for-its-first-stop.pdf\" class=\"wp-block-file__button wp-element-button\" download aria-describedby=\"wp-block-file--media-229c243e-0db1-4f4f-94b7-8d8e3bf4da7a\">T\u00e9l\u00e9charger<\/a><\/div>\n\n\n\n<p><strong>Spanish<\/strong><\/p>\n\n\n\n<div class=\"wp-block-file\"><a id=\"wp-block-file--media-c8c6933c-d84d-49b7-b6b3-c850c480b9ae\" href=\"https:\/\/www.the-arch.eu\/thearch2023\/fichiers\/uploads\/2023\/04\/120423-\u2013-The-Arch-en-Malaga-para-su-tercera-escala.pdf\">12\/04\/23 &#8211; The Arch en Malaga para su tercera escala<\/a><a href=\"https:\/\/www.the-arch.eu\/thearch2023\/fichiers\/uploads\/2023\/04\/120423-\u2013-The-Arch-en-Malaga-para-su-tercera-escala.pdf\" class=\"wp-block-file__button wp-element-button\" download aria-describedby=\"wp-block-file--media-c8c6933c-d84d-49b7-b6b3-c850c480b9ae\">T\u00e9l\u00e9charger<\/a><\/div>\n\n\n\n<p><strong>Italian<\/strong><\/p>\n\n\n\n<div class=\"wp-block-file\"><a id=\"wp-block-file--media-c8c6933c-d84d-49b7-b6b3-c850c480b9ae\" href=\"https:\/\/www.the-arch.eu\/thearch2023\/fichiers\/uploads\/2023\/05\/03032023-The-Arch-a-Napoli-per-la-sesta-tappa.pdf\">03\/03\/23 &#8211; The Arch a Napoli per la sesta tappa<\/a><a href=\"https:\/\/www.the-arch.eu\/thearch2023\/fichiers\/uploads\/2023\/05\/03032023-The-Arch-a-Napoli-per-la-sesta-tappa.pdf\" class=\"wp-block-file__button wp-element-button\" download aria-describedby=\"wp-block-file--media-c8c6933c-d84d-49b7-b6b3-c850c480b9ae\">T\u00e9l\u00e9charger<\/a><\/div>\n\n\n\n<h2 class=\"wp-block-heading\" class=\"wp-block-heading\" id=\"press-kit\">Press kit<\/h2>\n\n\n\n<p><strong>French<\/strong><\/p>\n\n\n\n<div class=\"wp-block-file\"><a id=\"wp-block-file--media-52f492b2-a3bf-47c0-93dd-35d19af1b0ec\" href=\"https:\/\/www.the-arch.eu\/thearch2023\/fichiers\/uploads\/2023\/05\/THEARCH_DP_2023_FR.pdf\" target=\"_blank\" rel=\"noreferrer noopener\">Mars 2023 &#8211; Dossier de presse<\/a><a href=\"https:\/\/www.the-arch.eu\/thearch2023\/fichiers\/uploads\/2023\/05\/THEARCH_DP_2023_FR.pdf\" class=\"wp-block-file__button wp-element-button\" download aria-describedby=\"wp-block-file--media-52f492b2-a3bf-47c0-93dd-35d19af1b0ec\">T\u00e9l\u00e9charger<\/a><\/div>\n\n\n\n<p><strong>English<\/strong><\/p>\n\n\n\n<div class=\"wp-block-file\"><a id=\"wp-block-file--media-55e8f74d-057f-41c2-8f47-805cbd03ec0e\" href=\"https:\/\/www.the-arch.eu\/thearch2023\/fichiers\/uploads\/2023\/05\/THEARCH_DP_2023_ENG.pdf\" target=\"_blank\" rel=\"noreferrer noopener\">March 2023 &#8211; Press Kit<\/a><a href=\"https:\/\/www.the-arch.eu\/thearch2023\/fichiers\/uploads\/2023\/05\/THEARCH_DP_2023_ENG.pdf\" class=\"wp-block-file__button wp-element-button\" download aria-describedby=\"wp-block-file--media-55e8f74d-057f-41c2-8f47-805cbd03ec0e\">T\u00e9l\u00e9charger<\/a><\/div>\n\n\n\n<h2 class=\"wp-block-heading\" class=\"wp-block-heading\" id=\"impact-kit\">Impact kit<\/h2>\n\n\n\n<p><strong>French<\/strong><\/p>\n\n\n\n<div class=\"wp-block-file\"><a id=\"wp-block-file--media-52f492b2-a3bf-47c0-93dd-35d19af1b0ec\" href=\"https:\/\/www.the-arch.eu\/thearch2023\/fichiers\/uploads\/2023\/06\/Kit-Impact_The-Arch_FR.pdf\" target=\"_blank\" rel=\"noreferrer noopener\">Kit Impact<\/a><a href=\"https:\/\/www.the-arch.eu\/thearch2023\/fichiers\/uploads\/2023\/06\/Kit-Impact_The-Arch_FR.pdf\" class=\"wp-block-file__button wp-element-button\" download aria-describedby=\"wp-block-file--media-52f492b2-a3bf-47c0-93dd-35d19af1b0ec\">T\u00e9l\u00e9charger<\/a><\/div>\n\n\n\n<p><strong>English<\/strong><\/p>\n\n\n\n<div class=\"wp-block-file\"><a id=\"wp-block-file--media-55e8f74d-057f-41c2-8f47-805cbd03ec0e\" href=\"https:\/\/www.the-arch.eu\/thearch2023\/fichiers\/uploads\/2023\/06\/Impact-Kit_The-Arch_EN.pdf\" target=\"_blank\" rel=\"noreferrer noopener\">Impact Kit<\/a><a href=\"https:\/\/www.the-arch.eu\/thearch2023\/fichiers\/uploads\/2023\/06\/Impact-Kit_The-Arch_EN.pdf\" class=\"wp-block-file__button wp-element-button\" download aria-describedby=\"wp-block-file--media-55e8f74d-057f-41c2-8f47-805cbd03ec0e\">T\u00e9l\u00e9charger<\/a><\/div>\n\n\n\n<h2 class=\"wp-block-heading\" class=\"wp-block-heading\" id=\"contacts-france-europe\">Contacts FRANCE &amp; EUROPE<\/h2>\n\n\n\n<p><strong>The New One<\/strong><br><a href=\"mailto:d.barbeau@thenewone.fr\">d.barbeau@thenewone.fr<\/a><br>T. 06 29 21 63 77<\/p>\n\n\n\n<div style=\"height:20px\" aria-hidden=\"true\" class=\"wp-block-spacer\"><\/div>\n","protected":false},"excerpt":{"rendered":"<p>Press release French English Spanish Italian Press kit French English Impact kit French English Contacts FRANCE &amp; EUROPE The New Oned.barbeau@thenewone.frT. 06 29 21 63 77<\/p>\n","protected":false},"author":1,"featured_media":0,"parent":0,"menu_order":0,"comment_status":"closed","ping_status":"closed","template":"","meta":{"footnotes":""},"thematiques":[],"localisations":[],"class_list":["post-533","page","type-page","status-publish","hentry"],"acf":[],"yoast_head":"<!-- This site is optimized with the Yoast SEO plugin v20.8 - https:\/\/yoast.com\/wordpress\/plugins\/seo\/ -->\n<title>Press room | The Arch<\/title>\n<meta name=\"robots\" content=\"index, follow, max-snippet:-1, max-image-preview:large, max-video-preview:-1\" \/>\n<link rel=\"canonical\" href=\"https:\/\/www.the-arch.eu\/en\/press-room\/\" \/>\n<meta property=\"og:locale\" content=\"en_US\" \/>\n<meta property=\"og:type\" content=\"article\" \/>\n<meta property=\"og:title\" content=\"Press room | The Arch\" \/>\n<meta property=\"og:description\" content=\"Press release French English Spanish Italian Press kit French English Impact kit French English Contacts FRANCE &amp; EUROPE The New Oned.barbeau@thenewone.frT. 06 29 21 63 77\" \/>\n<meta property=\"og:url\" content=\"https:\/\/www.the-arch.eu\/en\/press-room\/\" \/>\n<meta property=\"og:site_name\" content=\"The Arch\" \/>\n<meta property=\"article:publisher\" content=\"https:\/\/www.facebook.com\/profile.php?id=100090921429772\" \/>\n<meta property=\"article:modified_time\" content=\"2023-06-29T15:40:25+00:00\" \/>\n<meta property=\"og:image\" content=\"https:\/\/www.the-arch.eu\/thearch2023\/fichiers\/uploads\/2023\/03\/page_presse-1.jpg\" \/>\n<meta name=\"twitter:card\" content=\"summary_large_image\" \/>\n<meta name=\"twitter:site\" content=\"@TheArch100\" \/>\n<meta name=\"twitter:label1\" content=\"Est. reading time\" \/>\n\t<meta name=\"twitter:data1\" content=\"2 minutes\" \/>\n<script type=\"application\/ld+json\" class=\"yoast-schema-graph\">{\"@context\":\"https:\/\/schema.org\",\"@graph\":[{\"@type\":\"WebPage\",\"@id\":\"https:\/\/www.the-arch.eu\/en\/press-room\/\",\"url\":\"https:\/\/www.the-arch.eu\/en\/press-room\/\",\"name\":\"Press room | The Arch\",\"isPartOf\":{\"@id\":\"https:\/\/www.the-arch.eu\/#website\"},\"datePublished\":\"2023-03-03T12:57:27+00:00\",\"dateModified\":\"2023-06-29T15:40:25+00:00\",\"breadcrumb\":{\"@id\":\"https:\/\/www.the-arch.eu\/en\/press-room\/#breadcrumb\"},\"inLanguage\":\"en-US\",\"potentialAction\":[{\"@type\":\"ReadAction\",\"target\":[\"https:\/\/www.the-arch.eu\/en\/press-room\/\"]}]},{\"@type\":\"BreadcrumbList\",\"@id\":\"https:\/\/www.the-arch.eu\/en\/press-room\/#breadcrumb\",\"itemListElement\":[{\"@type\":\"ListItem\",\"position\":1,\"name\":\"Accueil\",\"item\":\"https:\/\/www.the-arch.eu\/en\/\"},{\"@type\":\"ListItem\",\"position\":2,\"name\":\"Press room\"}]},{\"@type\":\"WebSite\",\"@id\":\"https:\/\/www.the-arch.eu\/#website\",\"url\":\"https:\/\/www.the-arch.eu\/\",\"name\":\"The Arch\",\"description\":\"\",\"publisher\":{\"@id\":\"https:\/\/www.the-arch.eu\/#organization\"},\"potentialAction\":[{\"@type\":\"SearchAction\",\"target\":{\"@type\":\"EntryPoint\",\"urlTemplate\":\"https:\/\/www.the-arch.eu\/?s={search_term_string}\"},\"query-input\":\"required name=search_term_string\"}],\"inLanguage\":\"en-US\"},{\"@type\":\"Organization\",\"@id\":\"https:\/\/www.the-arch.eu\/#organization\",\"name\":\"The Arch\",\"url\":\"https:\/\/www.the-arch.eu\/\",\"logo\":{\"@type\":\"ImageObject\",\"inLanguage\":\"en-US\",\"@id\":\"https:\/\/www.the-arch.eu\/#\/schema\/logo\/image\/\",\"url\":\"https:\/\/www.the-arch.eu\/thearch2023\/fichiers\/uploads\/2023\/03\/favicon_thearch.svg\",\"contentUrl\":\"https:\/\/www.the-arch.eu\/thearch2023\/fichiers\/uploads\/2023\/03\/favicon_thearch.svg\",\"width\":1,\"height\":1,\"caption\":\"The Arch\"},\"image\":{\"@id\":\"https:\/\/www.the-arch.eu\/#\/schema\/logo\/image\/\"},\"sameAs\":[\"https:\/\/www.facebook.com\/profile.php?id=100090921429772\",\"https:\/\/twitter.com\/TheArch100\",\"https:\/\/www.instagram.com\/thearch100.event\/\",\"https:\/\/www.linkedin.com\/company\/the-arch-2022-2023\"]}]}<\/script>\n<!-- \/ Yoast SEO plugin. -->","yoast_head_json":{"title":"Press room | The Arch","robots":{"index":"index","follow":"follow","max-snippet":"max-snippet:-1","max-image-preview":"max-image-preview:large","max-video-preview":"max-video-preview:-1"},"canonical":"https:\/\/www.the-arch.eu\/en\/press-room\/","og_locale":"en_US","og_type":"article","og_title":"Press room | The Arch","og_description":"Press release French English Spanish Italian Press kit French English Impact kit French English Contacts FRANCE &amp; EUROPE The New Oned.barbeau@thenewone.frT. 06 29 21 63 77","og_url":"https:\/\/www.the-arch.eu\/en\/press-room\/","og_site_name":"The Arch","article_publisher":"https:\/\/www.facebook.com\/profile.php?id=100090921429772","article_modified_time":"2023-06-29T15:40:25+00:00","og_image":[{"url":"https:\/\/www.the-arch.eu\/thearch2023\/fichiers\/uploads\/2023\/03\/page_presse-1.jpg"}],"twitter_card":"summary_large_image","twitter_site":"@TheArch100","twitter_misc":{"Est. reading time":"2 minutes"},"schema":{"@context":"https:\/\/schema.org","@graph":[{"@type":"WebPage","@id":"https:\/\/www.the-arch.eu\/en\/press-room\/","url":"https:\/\/www.the-arch.eu\/en\/press-room\/","name":"Press room | The Arch","isPartOf":{"@id":"https:\/\/www.the-arch.eu\/#website"},"datePublished":"2023-03-03T12:57:27+00:00","dateModified":"2023-06-29T15:40:25+00:00","breadcrumb":{"@id":"https:\/\/www.the-arch.eu\/en\/press-room\/#breadcrumb"},"inLanguage":"en-US","potentialAction":[{"@type":"ReadAction","target":["https:\/\/www.the-arch.eu\/en\/press-room\/"]}]},{"@type":"BreadcrumbList","@id":"https:\/\/www.the-arch.eu\/en\/press-room\/#breadcrumb","itemListElement":[{"@type":"ListItem","position":1,"name":"Accueil","item":"https:\/\/www.the-arch.eu\/en\/"},{"@type":"ListItem","position":2,"name":"Press room"}]},{"@type":"WebSite","@id":"https:\/\/www.the-arch.eu\/#website","url":"https:\/\/www.the-arch.eu\/","name":"The Arch","description":"","publisher":{"@id":"https:\/\/www.the-arch.eu\/#organization"},"potentialAction":[{"@type":"SearchAction","target":{"@type":"EntryPoint","urlTemplate":"https:\/\/www.the-arch.eu\/?s={search_term_string}"},"query-input":"required name=search_term_string"}],"inLanguage":"en-US"},{"@type":"Organization","@id":"https:\/\/www.the-arch.eu\/#organization","name":"The Arch","url":"https:\/\/www.the-arch.eu\/","logo":{"@type":"ImageObject","inLanguage":"en-US","@id":"https:\/\/www.the-arch.eu\/#\/schema\/logo\/image\/","url":"https:\/\/www.the-arch.eu\/thearch2023\/fichiers\/uploads\/2023\/03\/favicon_thearch.svg","contentUrl":"https:\/\/www.the-arch.eu\/thearch2023\/fichiers\/uploads\/2023\/03\/favicon_thearch.svg","width":1,"height":1,"caption":"The Arch"},"image":{"@id":"https:\/\/www.the-arch.eu\/#\/schema\/logo\/image\/"},"sameAs":["https:\/\/www.facebook.com\/profile.php?id=100090921429772","https:\/\/twitter.com\/TheArch100","https:\/\/www.instagram.com\/thearch100.event\/","https:\/\/www.linkedin.com\/company\/the-arch-2022-2023"]}]}},"_links":{"self":[{"href":"https:\/\/www.the-arch.eu\/en\/wp-json\/wp\/v2\/pages\/533","targetHints":{"allow":["GET"]}}],"collection":[{"href":"https:\/\/www.the-arch.eu\/en\/wp-json\/wp\/v2\/pages"}],"about":[{"href":"https:\/\/www.the-arch.eu\/en\/wp-json\/wp\/v2\/types\/page"}],"author":[{"embeddable":true,"href":"https:\/\/www.the-arch.eu\/en\/wp-json\/wp\/v2\/users\/1"}],"replies":[{"embeddable":true,"href":"https:\/\/www.the-arch.eu\/en\/wp-json\/wp\/v2\/comments?post=533"}],"version-history":[{"count":11,"href":"https:\/\/www.the-arch.eu\/en\/wp-json\/wp\/v2\/pages\/533\/revisions"}],"predecessor-version":[{"id":2023,"href":"https:\/\/www.the-arch.eu\/en\/wp-json\/wp\/v2\/pages\/533\/revisions\/2023"}],"wp:attachment":[{"href":"https:\/\/www.the-arch.eu\/en\/wp-json\/wp\/v2\/media?parent=533"}],"wp:term":[{"taxonomy":"thematiques","embeddable":true,"href":"https:\/\/www.the-arch.eu\/en\/wp-json\/wp\/v2\/thematiques?post=533"},{"taxonomy":"localisations","embeddable":true,"href":"https:\/\/www.the-arch.eu\/en\/wp-json\/wp\/v2\/localisations?post=533"}],"curies":[{"name":"wp","href":"https:\/\/api.w.org\/{rel}","templated":true}]}}