{"id":512,"date":"2023-03-03T13:57:38","date_gmt":"2023-03-03T12:57:38","guid":{"rendered":"https:\/\/www.the-arch.eu\/?page_id=512"},"modified":"2023-06-27T18:00:11","modified_gmt":"2023-06-27T16:00:11","slug":"pedagogical-space","status":"publish","type":"page","link":"https:\/\/www.the-arch.eu\/en\/pedagogical-space\/","title":{"rendered":"PEDAGOGICAL SPACE"},"content":{"rendered":"\n<p>The Arch intends to share the 100 winning solutions for the planet with everyone, starting with the younger generation!<\/p>\n\n\n\n<h2 class=\"wp-block-heading\" class=\"wp-block-heading\" id=\"the-weekly-package-for-future-sailors\"><strong>The weekly package for future sailors<\/strong><\/h2>\n\n\n\n<div class=\"wp-block-columns is-layout-flex wp-container-core-columns-is-layout-9d6595d7 wp-block-columns-is-layout-flex\">\n<div class=\"wp-block-column is-layout-flow wp-block-column-is-layout-flow\">\n<figure class=\"wp-block-image size-full\"><img loading=\"lazy\" decoding=\"async\" width=\"800\" height=\"1200\" src=\"https:\/\/www.the-arch.eu\/thearch2023\/fichiers\/uploads\/2023\/03\/pedagogie_joyon.webp\" alt=\"Francis Joyon\" class=\"wp-image-426\" srcset=\"https:\/\/www.the-arch.eu\/thearch2023\/fichiers\/uploads\/2023\/03\/pedagogie_joyon.webp 800w, https:\/\/www.the-arch.eu\/thearch2023\/fichiers\/uploads\/2023\/03\/pedagogie_joyon-200x300.webp 200w, https:\/\/www.the-arch.eu\/thearch2023\/fichiers\/uploads\/2023\/03\/pedagogie_joyon-683x1024.webp 683w, https:\/\/www.the-arch.eu\/thearch2023\/fichiers\/uploads\/2023\/03\/pedagogie_joyon-768x1152.webp 768w, https:\/\/www.the-arch.eu\/thearch2023\/fichiers\/uploads\/2023\/03\/pedagogie_joyon-3x5.webp 3w\" sizes=\"auto, (max-width: 800px) 100vw, 800px\" \/><\/figure>\n\n\n\n<figure class=\"wp-block-image size-full is-resized\"><img loading=\"lazy\" decoding=\"async\" src=\"https:\/\/www.the-arch.eu\/thearch2023\/fichiers\/uploads\/2023\/04\/Temoins_Polaires_RVB-Noir.png\" alt=\"\" class=\"wp-image-948\" width=\"138\" height=\"130\"\/><\/figure>\n<\/div>\n\n\n\n<div class=\"wp-block-column is-layout-flow wp-block-column-is-layout-flow\">\n<p>In partnership with the association <a href=\"https:\/\/lefrancaistemoindespoles.fr\/\" target=\"_blank\" rel=\"noreferrer noopener\">\u201cLe Fran\u00e7ais, T\u00e9moin des P\u00f4les\u201d<\/a>,&nbsp;a weekly &#8220;package&#8221; will be sent by mail once a week, from April 3 to June 5, to about 16,000 students.<\/p>\n\n\n\n<p>This program has been designed for classes from CE2 to CM2 but is also suitable for all those interested in the sea and the ecological transition!<\/p>\n\n\n\n<p>The educational program tells the story of the epic Tour of Europe carried out with the Maxi Trimaran IDEC Sport and its skipper Francis Joyon, who are going to meet 100 solutions for the planet.<\/p>\n\n\n\n<p>In each package, there will be elements on :&nbsp;<br>\u2013 the boat and its route (geography lesson on the countries crossed)<br>\u2013 the country&#8217;s solutions and the climate issues they address&nbsp;<\/p>\n\n\n\n<p>Three videoconferences between the crew and the classes will be given during the Tour of Europe:&nbsp;<br>\u2013 one in Copenhagen on March 31<br>\u2013 one in Naples on May 3<br>\u2013 one in Saint-Nazaire on May 31<\/p>\n\n\n\n<div class=\"wp-block-buttons is-layout-flex wp-block-buttons-is-layout-flex\">\n<div class=\"wp-block-button\"><a class=\"wp-block-button__link wp-element-button\" href=\"https:\/\/docs.google.com\/forms\/d\/e\/1FAIpQLSd7ojqsXOkfW1DILbJacBwHu6tYGl9-hLJMKr6nVdHUDHYf_w\/viewform\" target=\"_blank\" rel=\"noreferrer noopener\">registration<\/a><\/div>\n<\/div>\n<\/div>\n<\/div>\n\n\n\n<div class=\"wp-block-media-text alignwide is-stacked-on-mobile\" style=\"grid-template-columns:15% auto\"><figure class=\"wp-block-media-text__media\"><img loading=\"lazy\" decoding=\"async\" width=\"720\" height=\"1024\" src=\"https:\/\/www.the-arch.eu\/thearch2023\/fichiers\/uploads\/2023\/04\/Capture-decran-2023-04-14-a-11.36.35-720x1024.png\" alt=\"\" class=\"wp-image-837 size-full\" srcset=\"https:\/\/www.the-arch.eu\/thearch2023\/fichiers\/uploads\/2023\/04\/Capture-decran-2023-04-14-a-11.36.35-720x1024.png 720w, https:\/\/www.the-arch.eu\/thearch2023\/fichiers\/uploads\/2023\/04\/Capture-decran-2023-04-14-a-11.36.35-211x300.png 211w, https:\/\/www.the-arch.eu\/thearch2023\/fichiers\/uploads\/2023\/04\/Capture-decran-2023-04-14-a-11.36.35-768x1092.png 768w, https:\/\/www.the-arch.eu\/thearch2023\/fichiers\/uploads\/2023\/04\/Capture-decran-2023-04-14-a-11.36.35.png 788w\" sizes=\"auto, (max-width: 720px) 100vw, 720px\" \/><\/figure><div class=\"wp-block-media-text__content\">\n<div class=\"wp-block-file\"><a id=\"wp-block-file--media-9c41a8b1-dd93-4c64-8d7c-1950788a6bef\" href=\"https:\/\/onedrive.live.com\/?authkey=%21AFi8vO893%5FaLlQg&amp;id=B1C253C81B9AF537%2117651&amp;cid=B1C253C81B9AF537&amp;parId=root&amp;parQt=sharedby&amp;o=OneUp\" target=\"_blank\" rel=\"noreferrer noopener\">Discover the first package !<\/a><a class=\"wp-block-file__button wp-element-button\" href=\"https:\/\/onedrive.live.com\/?authkey=%21AFi8vO893%5FaLlQg&amp;id=B1C253C81B9AF537%2117651&amp;cid=B1C253C81B9AF537&amp;parId=root&amp;parQt=sharedby&amp;o=OneUp\" target=\"_blank\" rel=\"noopener\" download=\"\" aria-describedby=\"wp-block-file--media-9c41a8b1-dd93-4c64-8d7c-1950788a6bef\">DOWNLOAD<\/a><\/div>\n\n\n\n<div class=\"wp-block-file\"><a id=\"wp-block-file--media-9c41a8b1-dd93-4c64-8d7c-1950788a6bef\" href=\"https:\/\/onedrive.live.com\/?authkey=%21AFFFgDU8S%5FKTne0&amp;cid=B1C253C81B9AF537&amp;id=B1C253C81B9AF537%2117863&amp;parId=B1C253C81B9AF537%2117498&amp;o=OneUp\" target=\"_blank\" rel=\"noreferrer noopener\">Discover the second package !<\/a><a class=\"wp-block-file__button wp-element-button\" href=\"https:\/\/onedrive.live.com\/?authkey=%21AFFFgDU8S%5FKTne0&amp;cid=B1C253C81B9AF537&amp;id=B1C253C81B9AF537%2117863&amp;parId=B1C253C81B9AF537%2117498&amp;o=OneUp\" target=\"_blank\" rel=\"noopener\" download=\"\" aria-describedby=\"wp-block-file--media-9c41a8b1-dd93-4c64-8d7c-1950788a6bef\">DOWNLOAD<\/a><\/div>\n\n\n\n<div class=\"wp-block-file\"><a id=\"wp-block-file--media-9c41a8b1-dd93-4c64-8d7c-1950788a6bef\" href=\"https:\/\/onedrive.live.com\/?authkey=%21AFFFgDU8S%5FKTne0&amp;cid=B1C253C81B9AF537&amp;id=B1C253C81B9AF537%2117958&amp;parId=B1C253C81B9AF537%2117498&amp;o=OneUp\" target=\"_blank\" rel=\"noreferrer noopener\">Discover the third package !<\/a><a class=\"wp-block-file__button wp-element-button\" href=\"https:\/\/onedrive.live.com\/?authkey=%21AFFFgDU8S%5FKTne0&amp;cid=B1C253C81B9AF537&amp;id=B1C253C81B9AF537%2117958&amp;parId=B1C253C81B9AF537%2117498&amp;o=OneUp\" target=\"_blank\" rel=\"noopener\" download=\"\" aria-describedby=\"wp-block-file--media-9c41a8b1-dd93-4c64-8d7c-1950788a6bef\">DOWNLOAD<\/a><\/div>\n\n\n\n<div class=\"wp-block-file\"><a id=\"wp-block-file--media-9c41a8b1-dd93-4c64-8d7c-1950788a6bef\" href=\"https:\/\/onedrive.live.com\/?authkey=%21AE6v5FjXZz4uFXQ&amp;id=B1C253C81B9AF537%2118545&amp;cid=B1C253C81B9AF537&amp;parId=root&amp;parQt=sharedby&amp;o=OneUp\" target=\"_blank\" rel=\"noreferrer noopener\">Discover the fourth package !<\/a><a class=\"wp-block-file__button wp-element-button\" href=\"https:\/\/onedrive.live.com\/?authkey=%21AFFFgDU8S%5FKTne0&amp;cid=B1C253C81B9AF537&amp;id=B1C253C81B9AF537%2118343&amp;parId=B1C253C81B9AF537%2117498&amp;o=OneUp\" target=\"_blank\" rel=\"noopener\" download=\"\" aria-describedby=\"wp-block-file--media-9c41a8b1-dd93-4c64-8d7c-1950788a6bef\">DOWNLOAD<\/a><\/div>\n\n\n\n<div class=\"wp-block-file\"><a id=\"wp-block-file--media-9c41a8b1-dd93-4c64-8d7c-1950788a6bef\" href=\"https:\/\/onedrive.live.com\/?authkey=%21AE6v5FjXZz4uFXQ&amp;id=B1C253C81B9AF537%2118545&amp;cid=B1C253C81B9AF537&amp;parId=root&amp;parQt=sharedby&amp;o=OneUp\" target=\"_blank\" rel=\"noreferrer noopener\">Discover the fifth package !<\/a><a class=\"wp-block-file__button wp-element-button\" href=\"https:\/\/onedrive.live.com\/?authkey=%21AE6v5FjXZz4uFXQ&amp;id=B1C253C81B9AF537%2118545&amp;cid=B1C253C81B9AF537&amp;parId=root&amp;parQt=sharedby&amp;o=OneUp\" target=\"_blank\" rel=\"noopener\" download=\"\" aria-describedby=\"wp-block-file--media-9c41a8b1-dd93-4c64-8d7c-1950788a6bef\">DOWNLOAD<\/a><\/div>\n\n\n\n<div class=\"wp-block-file\"><a id=\"wp-block-file--media-9c41a8b1-dd93-4c64-8d7c-1950788a6bef\" href=\"https:\/\/onedrive.live.com\/?authkey=%21ADZl59frotjl%5FEM&amp;id=B1C253C81B9AF537%2118661&amp;cid=B1C253C81B9AF537&amp;parId=root&amp;parQt=sharedby&amp;o=OneUp\" target=\"_blank\" rel=\"noreferrer noopener\">Discover the sixth package !<\/a><a class=\"wp-block-file__button wp-element-button\" href=\"https:\/\/onedrive.live.com\/?authkey=%21ADZl59frotjl%5FEM&amp;id=B1C253C81B9AF537%2118661&amp;cid=B1C253C81B9AF537&amp;parId=root&amp;parQt=sharedby&amp;o=OneUp\" target=\"_blank\" rel=\"noopener\" download=\"\" aria-describedby=\"wp-block-file--media-9c41a8b1-dd93-4c64-8d7c-1950788a6bef\">DOWNLOAD<\/a><\/div>\n\n\n\n<div class=\"wp-block-file\"><a id=\"wp-block-file--media-9c41a8b1-dd93-4c64-8d7c-1950788a6bef\" href=\"https:\/\/onedrive.live.com\/?authkey=%21APBQ%5FgBQjK2DuK0&amp;id=B1C253C81B9AF537%2119134&amp;cid=B1C253C81B9AF537&amp;parId=root&amp;parQt=sharedby&amp;o=OneUp\" target=\"_blank\" rel=\"noreferrer noopener\">Discover the seventh package !<\/a><a class=\"wp-block-file__button wp-element-button\" href=\"https:\/\/onedrive.live.com\/?authkey=%21APBQ%5FgBQjK2DuK0&amp;id=B1C253C81B9AF537%2119134&amp;cid=B1C253C81B9AF537&amp;parId=root&amp;parQt=sharedby&amp;o=OneUp\" target=\"_blank\" rel=\"noopener\" download=\"\" aria-describedby=\"wp-block-file--media-9c41a8b1-dd93-4c64-8d7c-1950788a6bef\">DOWNLOAD<\/a><\/div>\n\n\n\n<div class=\"wp-block-file\"><a id=\"wp-block-file--media-9c41a8b1-dd93-4c64-8d7c-1950788a6bef\" href=\"https:\/\/onedrive.live.com\/?authkey=%21AFFFgDU8S%5FKTne0&amp;cid=B1C253C81B9AF537&amp;id=B1C253C81B9AF537%2120078&amp;parId=B1C253C81B9AF537%2117498&amp;o=OneUp\" target=\"_blank\" rel=\"noreferrer noopener\">Discover the eighth package ! <\/a><a class=\"wp-block-file__button wp-element-button\" href=\"https:\/\/onedrive.live.com\/?authkey=%21AFFFgDU8S%5FKTne0&amp;cid=B1C253C81B9AF537&amp;id=B1C253C81B9AF537%2120078&amp;parId=B1C253C81B9AF537%2117498&amp;o=OneUp\" target=\"_blank\" rel=\"noopener\" download=\"\" aria-describedby=\"wp-block-file--media-9c41a8b1-dd93-4c64-8d7c-1950788a6bef\">DOWNLOAD<\/a><\/div>\n\n\n\n<div class=\"wp-block-file\"><a id=\"wp-block-file--media-9c41a8b1-dd93-4c64-8d7c-1950788a6bef\" href=\"https:\/\/onedrive.live.com\/?authkey=%21ABhL1CJ8FyCCMUo&amp;id=B1C253C81B9AF537%2120142&amp;cid=B1C253C81B9AF537&amp;parId=root&amp;parQt=sharedby&amp;o=OneUp\" target=\"_blank\" rel=\"noreferrer noopener\">Discover the ninth package ! <\/a><a class=\"wp-block-file__button wp-element-button\" href=\"https:\/\/onedrive.live.com\/?authkey=%21ABhL1CJ8FyCCMUo&amp;id=B1C253C81B9AF537%2120142&amp;cid=B1C253C81B9AF537&amp;parId=root&amp;parQt=sharedby&amp;o=OneUp\" target=\"_blank\" rel=\"noopener\" download=\"\" aria-describedby=\"wp-block-file--media-9c41a8b1-dd93-4c64-8d7c-1950788a6bef\">DOWNLOAD<\/a><\/div>\n\n\n\n<div class=\"wp-block-file\"><a id=\"wp-block-file--media-9c41a8b1-dd93-4c64-8d7c-1950788a6bef\" href=\"https:\/\/onedrive.live.com\/?authkey=%21AMLi7jVTLxT4Blc&amp;id=B1C253C81B9AF537%2120593&amp;cid=B1C253C81B9AF537&amp;parId=root&amp;parQt=sharedby&amp;o=OneUp\" target=\"_blank\" rel=\"noreferrer noopener\">Discover the tenth package ! <\/a><a class=\"wp-block-file__button wp-element-button\" href=\"https:\/\/onedrive.live.com\/?authkey=%21AMLi7jVTLxT4Blc&amp;id=B1C253C81B9AF537%2120593&amp;cid=B1C253C81B9AF537&amp;parId=root&amp;parQt=sharedby&amp;o=OneUp\" target=\"_blank\" rel=\"noopener\" download=\"\" aria-describedby=\"wp-block-file--media-9c41a8b1-dd93-4c64-8d7c-1950788a6bef\">DOWNLOAD<\/a><\/div>\n<\/div><\/div>\n\n\n\n<div class=\"wp-block-buttons is-content-justification-center is-layout-flex wp-container-core-buttons-is-layout-16018d1d wp-block-buttons-is-layout-flex\"><\/div>\n\n\n\n<h2 class=\"wp-block-heading\" class=\"wp-block-heading\" id=\"your-drawings-embarked-around-europe-on-the-fastest-boat-in-the-world\"><strong>Your drawings embarked around Europe on the fastest boat in the world!<\/strong><\/h2>\n\n\n\n<p>At each stop, the general public is invited to visit the boat. In this context, we propose to the children passing by to draw &#8220;The world in 2050&#8221;.<\/p>\n\n\n\n<p>These drawings are collected in a box (which they can also sign) and transported on board the Maxi Trimaran IDEC Sport.<\/p>\n\n\n\n<div class=\"wp-block-columns is-layout-flex wp-container-core-columns-is-layout-9d6595d7 wp-block-columns-is-layout-flex\">\n<div class=\"wp-block-column is-vertically-aligned-center is-layout-flow wp-block-column-is-layout-flow\">\n<p>This box is actually an old life raft that symbolizes the fact that it is still time to set out to save the planet together.<\/p>\n\n\n\n<p>The drawings will be unveiled at the European Parliament on June 7 to send the message that children, in addition to being concerned, are mobilizing for the ecological transition.<\/p>\n<\/div>\n\n\n\n<div class=\"wp-block-column is-layout-flow wp-block-column-is-layout-flow\"><div class=\"wp-block-image\">\n<figure class=\"aligncenter size-full\"><img loading=\"lazy\" decoding=\"async\" width=\"933\" height=\"950\" src=\"https:\/\/www.the-arch.eu\/thearch2023\/fichiers\/uploads\/2023\/03\/pedagogie_colis2.webp\" alt=\"Le colis\" class=\"wp-image-430\" srcset=\"https:\/\/www.the-arch.eu\/thearch2023\/fichiers\/uploads\/2023\/03\/pedagogie_colis2.webp 933w, https:\/\/www.the-arch.eu\/thearch2023\/fichiers\/uploads\/2023\/03\/pedagogie_colis2-295x300.webp 295w, https:\/\/www.the-arch.eu\/thearch2023\/fichiers\/uploads\/2023\/03\/pedagogie_colis2-768x782.webp 768w, https:\/\/www.the-arch.eu\/thearch2023\/fichiers\/uploads\/2023\/03\/pedagogie_colis2-5x5.webp 5w\" sizes=\"auto, (max-width: 933px) 100vw, 933px\" \/><\/figure>\n<\/div><\/div>\n<\/div>\n\n\n\n<p>Hundreds of children have already signed the box and handed in a drawing that is being taken on the Tour of Europe.<\/p>\n\n\n\n<figure class=\"wp-block-image size-full\"><img loading=\"lazy\" decoding=\"async\" width=\"1100\" height=\"613\" src=\"https:\/\/www.the-arch.eu\/thearch2023\/fichiers\/uploads\/2023\/03\/pedagogie_dessin.webp\" alt=\"Dessin sur l'\u00e9v\u00e9nement de lancement\" class=\"wp-image-423\" srcset=\"https:\/\/www.the-arch.eu\/thearch2023\/fichiers\/uploads\/2023\/03\/pedagogie_dessin.webp 1100w, https:\/\/www.the-arch.eu\/thearch2023\/fichiers\/uploads\/2023\/03\/pedagogie_dessin-300x167.webp 300w, https:\/\/www.the-arch.eu\/thearch2023\/fichiers\/uploads\/2023\/03\/pedagogie_dessin-1024x571.webp 1024w, https:\/\/www.the-arch.eu\/thearch2023\/fichiers\/uploads\/2023\/03\/pedagogie_dessin-768x428.webp 768w, https:\/\/www.the-arch.eu\/thearch2023\/fichiers\/uploads\/2023\/03\/pedagogie_dessin-5x3.webp 5w\" sizes=\"auto, (max-width: 1100px) 100vw, 1100px\" \/><\/figure>\n\n\n\n<h2 class=\"wp-block-heading\" class=\"wp-block-heading\" id=\"they-say-a-picture-is-worth-a-thousand-words-what-does-the-next-generation-think-about-ecology-answers-in-pictures\">They say a picture is worth a thousand words. What does the next generation think about ecology? Answers in pictures.<\/h2>\n\n\n\n<div data-wp-interactive=\"core\/file\" class=\"wp-block-file\"><object data-wp-bind--hidden=\"!state.hasPdfPreview\" hidden class=\"wp-block-file__embed\" data=\"https:\/\/www.the-arch.eu\/thearch2023\/fichiers\/uploads\/2023\/05\/THEARCH_POST_DESSINS_ENNERY.pdf\" type=\"application\/pdf\" style=\"width:100%;height:600px\" aria-label=\"Embed of Thanks to the association Polar Witnesses and to the pupils of CM1\/CM2 of the elementary school G\u00e9rard Claudel of Ennery (95), as well as to the teaching staff for having introduced them to the stakes of The Arch project..\"><\/object><a id=\"wp-block-file--media-adb9c6ea-b4d2-4f1e-a62a-5823e8df26e5\" href=\"https:\/\/www.the-arch.eu\/thearch2023\/fichiers\/uploads\/2023\/05\/THEARCH_POST_DESSINS_ENNERY.pdf\">Thanks to the association Polar Witnesses and to the pupils of CM1\/CM2 of the elementary school G\u00e9rard Claudel of Ennery (95), as well as to the teaching staff for having introduced them to the stakes of The Arch project.<\/a><\/div>\n\n\n\n<p><\/p>\n","protected":false},"excerpt":{"rendered":"<p>The Arch intends to share the 100 winning solutions for the planet with everyone, starting with the younger generation! The weekly package for future sailors In partnership with the association \u201cLe Fran\u00e7ais, T\u00e9moin des P\u00f4les\u201d,&nbsp;a weekly &#8220;package&#8221; will be sent by mail once a week, from April 3 to June 5, to about 16,000 students. [&hellip;]<\/p>\n","protected":false},"author":1,"featured_media":1912,"parent":0,"menu_order":0,"comment_status":"closed","ping_status":"closed","template":"","meta":{"footnotes":""},"thematiques":[],"localisations":[],"class_list":["post-512","page","type-page","status-publish","has-post-thumbnail","hentry"],"acf":[],"yoast_head":"<!-- This site is optimized with the Yoast SEO plugin v20.8 - https:\/\/yoast.com\/wordpress\/plugins\/seo\/ -->\n<title>PEDAGOGICAL SPACE | The Arch<\/title>\n<meta name=\"robots\" content=\"index, follow, max-snippet:-1, max-image-preview:large, max-video-preview:-1\" \/>\n<link rel=\"canonical\" href=\"https:\/\/www.the-arch.eu\/en\/pedagogical-space\/\" \/>\n<meta property=\"og:locale\" content=\"en_US\" \/>\n<meta property=\"og:type\" content=\"article\" \/>\n<meta property=\"og:title\" content=\"PEDAGOGICAL SPACE | The Arch\" \/>\n<meta property=\"og:description\" content=\"The Arch intends to share the 100 winning solutions for the planet with everyone, starting with the younger generation! The weekly package for future sailors In partnership with the association \u201cLe Fran\u00e7ais, T\u00e9moin des P\u00f4les\u201d,&nbsp;a weekly &#8220;package&#8221; will be sent by mail once a week, from April 3 to June 5, to about 16,000 students. [&hellip;]\" \/>\n<meta property=\"og:url\" content=\"https:\/\/www.the-arch.eu\/en\/pedagogical-space\/\" \/>\n<meta property=\"og:site_name\" content=\"The Arch\" \/>\n<meta property=\"article:publisher\" content=\"https:\/\/www.facebook.com\/profile.php?id=100090921429772\" \/>\n<meta property=\"article:modified_time\" content=\"2023-06-27T16:00:11+00:00\" \/>\n<meta property=\"og:image\" content=\"https:\/\/www.the-arch.eu\/thearch2023\/fichiers\/uploads\/2023\/05\/AdobeStock_212484231-1.jpeg\" \/>\n\t<meta property=\"og:image:width\" content=\"2000\" \/>\n\t<meta property=\"og:image:height\" content=\"858\" \/>\n\t<meta property=\"og:image:type\" content=\"image\/jpeg\" \/>\n<meta name=\"twitter:card\" content=\"summary_large_image\" \/>\n<meta name=\"twitter:site\" content=\"@TheArch100\" \/>\n<meta name=\"twitter:label1\" content=\"Est. reading time\" \/>\n\t<meta name=\"twitter:data1\" content=\"4 minutes\" \/>\n<script type=\"application\/ld+json\" class=\"yoast-schema-graph\">{\"@context\":\"https:\/\/schema.org\",\"@graph\":[{\"@type\":\"WebPage\",\"@id\":\"https:\/\/www.the-arch.eu\/en\/pedagogical-space\/\",\"url\":\"https:\/\/www.the-arch.eu\/en\/pedagogical-space\/\",\"name\":\"PEDAGOGICAL SPACE | The Arch\",\"isPartOf\":{\"@id\":\"https:\/\/www.the-arch.eu\/#website\"},\"datePublished\":\"2023-03-03T12:57:38+00:00\",\"dateModified\":\"2023-06-27T16:00:11+00:00\",\"breadcrumb\":{\"@id\":\"https:\/\/www.the-arch.eu\/en\/pedagogical-space\/#breadcrumb\"},\"inLanguage\":\"en-US\",\"potentialAction\":[{\"@type\":\"ReadAction\",\"target\":[\"https:\/\/www.the-arch.eu\/en\/pedagogical-space\/\"]}]},{\"@type\":\"BreadcrumbList\",\"@id\":\"https:\/\/www.the-arch.eu\/en\/pedagogical-space\/#breadcrumb\",\"itemListElement\":[{\"@type\":\"ListItem\",\"position\":1,\"name\":\"Accueil\",\"item\":\"https:\/\/www.the-arch.eu\/en\/\"},{\"@type\":\"ListItem\",\"position\":2,\"name\":\"PEDAGOGICAL SPACE\"}]},{\"@type\":\"WebSite\",\"@id\":\"https:\/\/www.the-arch.eu\/#website\",\"url\":\"https:\/\/www.the-arch.eu\/\",\"name\":\"The Arch\",\"description\":\"\",\"publisher\":{\"@id\":\"https:\/\/www.the-arch.eu\/#organization\"},\"potentialAction\":[{\"@type\":\"SearchAction\",\"target\":{\"@type\":\"EntryPoint\",\"urlTemplate\":\"https:\/\/www.the-arch.eu\/?s={search_term_string}\"},\"query-input\":\"required name=search_term_string\"}],\"inLanguage\":\"en-US\"},{\"@type\":\"Organization\",\"@id\":\"https:\/\/www.the-arch.eu\/#organization\",\"name\":\"The Arch\",\"url\":\"https:\/\/www.the-arch.eu\/\",\"logo\":{\"@type\":\"ImageObject\",\"inLanguage\":\"en-US\",\"@id\":\"https:\/\/www.the-arch.eu\/#\/schema\/logo\/image\/\",\"url\":\"https:\/\/www.the-arch.eu\/thearch2023\/fichiers\/uploads\/2023\/03\/favicon_thearch.svg\",\"contentUrl\":\"https:\/\/www.the-arch.eu\/thearch2023\/fichiers\/uploads\/2023\/03\/favicon_thearch.svg\",\"width\":1,\"height\":1,\"caption\":\"The Arch\"},\"image\":{\"@id\":\"https:\/\/www.the-arch.eu\/#\/schema\/logo\/image\/\"},\"sameAs\":[\"https:\/\/www.facebook.com\/profile.php?id=100090921429772\",\"https:\/\/twitter.com\/TheArch100\",\"https:\/\/www.instagram.com\/thearch100.event\/\",\"https:\/\/www.linkedin.com\/company\/the-arch-2022-2023\"]}]}<\/script>\n<!-- \/ Yoast SEO plugin. -->","yoast_head_json":{"title":"PEDAGOGICAL SPACE | The Arch","robots":{"index":"index","follow":"follow","max-snippet":"max-snippet:-1","max-image-preview":"max-image-preview:large","max-video-preview":"max-video-preview:-1"},"canonical":"https:\/\/www.the-arch.eu\/en\/pedagogical-space\/","og_locale":"en_US","og_type":"article","og_title":"PEDAGOGICAL SPACE | The Arch","og_description":"The Arch intends to share the 100 winning solutions for the planet with everyone, starting with the younger generation! The weekly package for future sailors In partnership with the association \u201cLe Fran\u00e7ais, T\u00e9moin des P\u00f4les\u201d,&nbsp;a weekly &#8220;package&#8221; will be sent by mail once a week, from April 3 to June 5, to about 16,000 students. [&hellip;]","og_url":"https:\/\/www.the-arch.eu\/en\/pedagogical-space\/","og_site_name":"The Arch","article_publisher":"https:\/\/www.facebook.com\/profile.php?id=100090921429772","article_modified_time":"2023-06-27T16:00:11+00:00","og_image":[{"width":2000,"height":858,"url":"https:\/\/www.the-arch.eu\/thearch2023\/fichiers\/uploads\/2023\/05\/AdobeStock_212484231-1.jpeg","type":"image\/jpeg"}],"twitter_card":"summary_large_image","twitter_site":"@TheArch100","twitter_misc":{"Est. reading time":"4 minutes"},"schema":{"@context":"https:\/\/schema.org","@graph":[{"@type":"WebPage","@id":"https:\/\/www.the-arch.eu\/en\/pedagogical-space\/","url":"https:\/\/www.the-arch.eu\/en\/pedagogical-space\/","name":"PEDAGOGICAL SPACE | The Arch","isPartOf":{"@id":"https:\/\/www.the-arch.eu\/#website"},"datePublished":"2023-03-03T12:57:38+00:00","dateModified":"2023-06-27T16:00:11+00:00","breadcrumb":{"@id":"https:\/\/www.the-arch.eu\/en\/pedagogical-space\/#breadcrumb"},"inLanguage":"en-US","potentialAction":[{"@type":"ReadAction","target":["https:\/\/www.the-arch.eu\/en\/pedagogical-space\/"]}]},{"@type":"BreadcrumbList","@id":"https:\/\/www.the-arch.eu\/en\/pedagogical-space\/#breadcrumb","itemListElement":[{"@type":"ListItem","position":1,"name":"Accueil","item":"https:\/\/www.the-arch.eu\/en\/"},{"@type":"ListItem","position":2,"name":"PEDAGOGICAL SPACE"}]},{"@type":"WebSite","@id":"https:\/\/www.the-arch.eu\/#website","url":"https:\/\/www.the-arch.eu\/","name":"The Arch","description":"","publisher":{"@id":"https:\/\/www.the-arch.eu\/#organization"},"potentialAction":[{"@type":"SearchAction","target":{"@type":"EntryPoint","urlTemplate":"https:\/\/www.the-arch.eu\/?s={search_term_string}"},"query-input":"required name=search_term_string"}],"inLanguage":"en-US"},{"@type":"Organization","@id":"https:\/\/www.the-arch.eu\/#organization","name":"The Arch","url":"https:\/\/www.the-arch.eu\/","logo":{"@type":"ImageObject","inLanguage":"en-US","@id":"https:\/\/www.the-arch.eu\/#\/schema\/logo\/image\/","url":"https:\/\/www.the-arch.eu\/thearch2023\/fichiers\/uploads\/2023\/03\/favicon_thearch.svg","contentUrl":"https:\/\/www.the-arch.eu\/thearch2023\/fichiers\/uploads\/2023\/03\/favicon_thearch.svg","width":1,"height":1,"caption":"The Arch"},"image":{"@id":"https:\/\/www.the-arch.eu\/#\/schema\/logo\/image\/"},"sameAs":["https:\/\/www.facebook.com\/profile.php?id=100090921429772","https:\/\/twitter.com\/TheArch100","https:\/\/www.instagram.com\/thearch100.event\/","https:\/\/www.linkedin.com\/company\/the-arch-2022-2023"]}]}},"_links":{"self":[{"href":"https:\/\/www.the-arch.eu\/en\/wp-json\/wp\/v2\/pages\/512","targetHints":{"allow":["GET"]}}],"collection":[{"href":"https:\/\/www.the-arch.eu\/en\/wp-json\/wp\/v2\/pages"}],"about":[{"href":"https:\/\/www.the-arch.eu\/en\/wp-json\/wp\/v2\/types\/page"}],"author":[{"embeddable":true,"href":"https:\/\/www.the-arch.eu\/en\/wp-json\/wp\/v2\/users\/1"}],"replies":[{"embeddable":true,"href":"https:\/\/www.the-arch.eu\/en\/wp-json\/wp\/v2\/comments?post=512"}],"version-history":[{"count":19,"href":"https:\/\/www.the-arch.eu\/en\/wp-json\/wp\/v2\/pages\/512\/revisions"}],"predecessor-version":[{"id":2017,"href":"https:\/\/www.the-arch.eu\/en\/wp-json\/wp\/v2\/pages\/512\/revisions\/2017"}],"wp:featuredmedia":[{"embeddable":true,"href":"https:\/\/www.the-arch.eu\/en\/wp-json\/wp\/v2\/media\/1912"}],"wp:attachment":[{"href":"https:\/\/www.the-arch.eu\/en\/wp-json\/wp\/v2\/media?parent=512"}],"wp:term":[{"taxonomy":"thematiques","embeddable":true,"href":"https:\/\/www.the-arch.eu\/en\/wp-json\/wp\/v2\/thematiques?post=512"},{"taxonomy":"localisations","embeddable":true,"href":"https:\/\/www.the-arch.eu\/en\/wp-json\/wp\/v2\/localisations?post=512"}],"curies":[{"name":"wp","href":"https:\/\/api.w.org\/{rel}","templated":true}]}}